{"id":23,"date":"2018-10-29T20:07:19","date_gmt":"2018-10-29T20:07:19","guid":{"rendered":"http:\/\/ttbesse.de\/wp\/?page_id=23"},"modified":"2019-09-28T08:17:26","modified_gmt":"2019-09-28T08:17:26","slug":"verein","status":"publish","type":"page","link":"https:\/\/ttbesse.de\/wp\/?page_id=23","title":{"rendered":"Verein"},"content":{"rendered":"<h1>Wir \u00fcber uns<\/h1>\n<p>&nbsp;<\/p>\n<p class=\"navil\">Gegr\u00fcndet wurde die Abteilung im Jahre 1963 von <strong>Heinz Wicke<\/strong>, <strong>Karl-Heinz Wicke<\/strong>, <strong>Tilo Zinke<\/strong>, <strong>Werner Otto <\/strong>und <strong>Adolf Kniese.<br \/>\n<\/strong><\/p>\n<div class=\"navil\">Die erste Tischtennisplatte wurde durch eine Sammelliste finanziert. Die ersten Trainingseinheiten fanden im Saal des Besser Hofs vor den Kinob\u00e4nken statt.<br \/>\nDer Spielbetrieb fand in der ersten Saison im Saal des Gasthaus Bilstein und danach bei Opper statt.<\/div>\n<p class=\"navil\">Das zu dieser Zeit es \u00fcblich war, kaputte Tischtennisb\u00e4lle wieder fit zu machen, indem man sie aufkochte, kann sich nachkommende Tischtennisgeneration sicherlich kaum vorstellen.<br \/>\nEin erster grosser Meilenstein hin zu einem der erfolgreichsten Tischtennisvereine in Nordhessen, war die M\u00f6glichkeit, in der neuen Schulturnhalle zu trainieren und zu spielen. Um dies zu erreichen, fuhr Heinz Wicke mit dem Fahrrad nach Haldorf zum damaligen Landrat August Franke und schilderte ihm wohl \u00fcberzeugend die schlechten Bedingungen der Tischtnnisabteilung. Innerhalb von 14 Tagen durfte die Schulturnhalle benutzt werden. Die Aktiven dankten es mit sportlich hervoragenden Leistungen, der Aufstieg in die Hessenliga im Jahre 1979 und die Meisterschaft in der Hessenliga 1984 und dem damit verbundenen Aufstieg in die Oberliga war dann das sportliche Ergebnis.<\/p>\n<p class=\"navil\">Seit dem Bau und Nutzung der Mehrzweckhalle haben sich die Hallenbedingungen nat\u00fcrlich nochmal deutlich verbessert. Die Folge, die Anzahl der Mannschaften hat von Jahr zu Jahr zugenommen und in den 90 Jahren begann dann endlich auch Damentischtennis im Verein Fuss zu fassen.<br \/>\nDie Aktiven sorgten mit ihren Erfolgen rasch daf\u00fcr, dass sich Besse zu einer Hochburg des schnellen Spiels mit dem Zelluloidball entwickelte.<br \/>\nUnvergessen ist hier sicherlich das entscheidende Spiel der Herren um den Aufstieg in die Regionalliga (3. Liga) 1993 gegen Wieseck. 400 begeisterte Zuschauer waren der richtige Rahmen f\u00fcr den damals gr\u00f6ssten Erfolg in der Geschichte der Abteilung.<br \/>\nDass die Damen dies in den nachfolgenden Jahren mit einem rasanten Durchmarsch durch die Klassen bis hin in die 2. Bundesliga (2001) noch toppen w\u00fcrden, konnte damals keiner ahnen.<br \/>\nDer sportliche Erfolg hat nat\u00fcrlich auch Namen, die es gilt, hier besonders herauszustellen:<br \/>\n<strong>Gerhard Quink, Klaus L\u00fcckemann, Sebastian Pfaff, Lena Wicke, <\/strong><strong>Alexander Reckers, Harald Elm, Norbert Krug, Stefan Talmon, Christine Apel, Heinz Mudrak, Reinhold D\u00f6ring, Michael Pfaff, Hans-Werner Kuntze.<br \/>\n<\/strong>Die F\u00f6rderung des Tischtennisnachwuchses war und ist ein wichtiger Grundpfeiler, auf dem unsere Vereinsarbeit ruht. Die seit Jahrzehnten engagierte Nachwuchsarbeit hat zahlreiche Erfolge auf Bundes-, S\u00fcdwest, Hessen-, Bezirk- und Kreisebene erbracht. Die Jugendarbeit des TSV Besse hat einen guten Namen in Deutschland.<br \/>\nDiese Erfolge waren und sind nur m\u00f6glich, wenn engagierte Trainer zur Verf\u00fcgung stehen. Drei Namen sollen hier stellvertretend f\u00fcr viele Helfer genannt werden: <strong>Herbert Fischer<\/strong>, <strong>Herbert Greiner<\/strong> und <strong>Martin Mewes<\/strong>.<\/p>\n<p>&nbsp;<\/p>\n<figure id=\"attachment_126\" aria-describedby=\"caption-attachment-126\" style=\"width: 150px\" class=\"wp-caption alignleft\"><img decoding=\"async\" loading=\"lazy\" class=\"wp-image-126 size-full\" src=\"https:\/\/ttbesse.de\/wp\/wp-content\/uploads\/2018\/11\/hwicke150kopf.jpg\" alt=\"\" width=\"150\" height=\"150\" \/><figcaption id=\"caption-attachment-126\" class=\"wp-caption-text\">Heinz Wicke \u2020<\/figcaption><\/figure>\n<p class=\"navil\">Wenn man vom Tischtennissport des TSV Besse spricht, seine Entwicklung, die sportlichen Erfolge, das Vereinsleben usw. muss ein Mann ganz besonders<br \/>\nherausgestellt werden: <strong>Heinz Wicke<\/strong> genannt &#8222;Henner&#8220;.<\/p>\n<p class=\"navil\">Er war Gr\u00fcndungsmitglied und seit diesem Tag als Abteilungsleiter bzw. in der Abteilungsleitung t\u00e4tig.Im Jahr 2016 ist Heinz Wicke leider verstorben.<\/p>\n<p>&nbsp;<\/p>\n<p class=\"navil\">Nat\u00fcrlich sind hier noch andere Namen zu nennen, die in der Vergangenheit und derzeit Verantwortung tragen und daf\u00fcr gesorgt haben und noch sorgen, dass die Tischtennisabteilung ihren eingeschlagenen Weg weiterhin erfolgreich fortsetzt: <strong>Adolf Kniese, Andrea Fuhrmann (Kuntze), Werner Wicke, Peter Reckers, Thilo Zinke, J\u00f6rg Pingel, Christina und Dieter Scherb, Klaus L\u00fcckemann, Wolfgang Engelbrecht, Manfred Pfaff.<\/strong><\/p>\n<p>&nbsp;<\/p>\n<p class=\"navil\">Wir sind stolz auf das Erreichte und wollen auch weiterhin eine Gemeinschaft sein, in der der Breitensport, die Nachwuchsf\u00f6rderung, der Leistungssport und ein geselliges Vereinsleben beheimatet. sind. Das dies nur durch aktive Unterst\u00fctzung aller Vereinsmitglieder, Sponsoren und Tischtennisfans m\u00f6glich ist, darauf setzen und hoffen wir.<\/p>\n","protected":false},"excerpt":{"rendered":"<p>Wir \u00fcber uns &nbsp; Gegr\u00fcndet wurde die Abteilung im Jahre 1963 von Heinz Wicke, Karl-Heinz Wicke, Tilo Zinke, Werner Otto und Adolf Kniese. Die erste Tischtennisplatte wurde durch eine Sammelliste &hellip; <\/p>\n<p><a href=\"https:\/\/ttbesse.de\/wp\/?page_id=23\" class=\"btn btn-readmore\">Read More <span class=\"screen-reader-text\"> &#8222;Verein&#8220;<\/span><\/a><\/p>\n","protected":false},"author":1,"featured_media":0,"parent":0,"menu_order":0,"comment_status":"closed","ping_status":"closed","template":"pages\/page-nosidebar.php","meta":[],"_links":{"self":[{"href":"https:\/\/ttbesse.de\/wp\/index.php?rest_route=\/wp\/v2\/pages\/23"}],"collection":[{"href":"https:\/\/ttbesse.de\/wp\/index.php?rest_route=\/wp\/v2\/pages"}],"about":[{"href":"https:\/\/ttbesse.de\/wp\/index.php?rest_route=\/wp\/v2\/types\/page"}],"author":[{"embeddable":true,"href":"https:\/\/ttbesse.de\/wp\/index.php?rest_route=\/wp\/v2\/users\/1"}],"replies":[{"embeddable":true,"href":"https:\/\/ttbesse.de\/wp\/index.php?rest_route=%2Fwp%2Fv2%2Fcomments&post=23"}],"version-history":[{"count":10,"href":"https:\/\/ttbesse.de\/wp\/index.php?rest_route=\/wp\/v2\/pages\/23\/revisions"}],"predecessor-version":[{"id":577,"href":"https:\/\/ttbesse.de\/wp\/index.php?rest_route=\/wp\/v2\/pages\/23\/revisions\/577"}],"wp:attachment":[{"href":"https:\/\/ttbesse.de\/wp\/index.php?rest_route=%2Fwp%2Fv2%2Fmedia&parent=23"}],"curies":[{"name":"wp","href":"https:\/\/api.w.org\/{rel}","templated":true}]}}